{"id":1231,"date":"2018-12-30T19:30:20","date_gmt":"2018-12-30T17:30:20","guid":{"rendered":"https:\/\/activh2o.net\/quienes-somos\/"},"modified":"2019-12-18T17:49:08","modified_gmt":"2019-12-18T15:49:08","slug":"a-propos-de-nous","status":"publish","type":"page","link":"https:\/\/activh2o.net\/fr\/a-propos-de-nous\/","title":{"rendered":"\u00c0 propos de nous"},"content":{"rendered":"\t\t<div data-elementor-type=\"wp-post\" data-elementor-id=\"1231\" class=\"elementor elementor-1231 elementor-129 elementor-bc-flex-widget\">\n\t\t\t\t\t\t<div class=\"elementor-inner\">\n\t\t\t\t<div class=\"elementor-section-wrap\">\n\t\t\t\t\t\t\t\t\t<section class=\"elementor-section elementor-top-section elementor-element elementor-element-31ffb29e elementor-section-boxed elementor-section-height-default elementor-section-height-default\" data-id=\"31ffb29e\" data-element_type=\"section\" data-settings=\"{&quot;background_background&quot;:&quot;classic&quot;}\">\n\t\t\t\t\t\t\t<div class=\"elementor-background-overlay\"><\/div>\n\t\t\t\t\t\t\t<div class=\"elementor-container elementor-column-gap-default\">\n\t\t\t\t\t\t\t<div class=\"elementor-row\">\n\t\t\t\t\t<div class=\"elementor-column elementor-col-100 elementor-top-column elementor-element elementor-element-29176609\" data-id=\"29176609\" data-element_type=\"column\">\n\t\t\t<div class=\"elementor-column-wrap elementor-element-populated\">\n\t\t\t\t\t\t\t<div class=\"elementor-widget-wrap\">\n\t\t\t\t\t\t<div class=\"elementor-element elementor-element-3e342c60 elementor-widget elementor-widget-heading\" data-id=\"3e342c60\" data-element_type=\"widget\" data-widget_type=\"heading.default\">\n\t\t\t\t<div class=\"elementor-widget-container\">\n\t\t\t<h1 class=\"elementor-heading-title elementor-size-large\">Qui sommes nous<\/h1>\t\t<\/div>\n\t\t\t\t<\/div>\n\t\t\t\t<div class=\"elementor-element elementor-element-90ebe2c elementor-widget elementor-widget-text-editor\" data-id=\"90ebe2c\" data-element_type=\"widget\" data-widget_type=\"text-editor.default\">\n\t\t\t\t<div class=\"elementor-widget-container\">\n\t\t\t\t\t\t\t\t<div class=\"elementor-text-editor elementor-clearfix\">\n\t\t\t\t<p>Nous sommes une entreprise engag\u00e9e dans le probl\u00e8me de l&rsquo;eau et, gr\u00e2ce \u00e0 notre technologie ActivH2O, d\u00e9velopp\u00e9e et brevet\u00e9e en collaboration avec le Centre national de la recherche scientifique de France (CNRS) et l&rsquo;Universit\u00e9 de Montpellier, nous travaillons pour permettre \u00e0 chacun d&rsquo;acc\u00e9der \u00e0 une eau de qualit\u00e9.<\/p>\t\t\t\t\t<\/div>\n\t\t\t\t\t\t<\/div>\n\t\t\t\t<\/div>\n\t\t\t\t<div class=\"elementor-element elementor-element-67d5d78a elementor-widget elementor-widget-video\" data-id=\"67d5d78a\" data-element_type=\"widget\" data-settings=\"{&quot;show_image_overlay&quot;:&quot;yes&quot;,&quot;image_overlay&quot;:{&quot;url&quot;:&quot;https:\\\/\\\/activh2o.net\\\/wp-content\\\/uploads\\\/2019\\\/01\\\/SLIDE-HOME.jpg&quot;,&quot;id&quot;:469,&quot;size&quot;:&quot;&quot;},&quot;youtube_url&quot;:&quot;https:\\\/\\\/www.youtube.com\\\/watch?v=x3d1Y22pfcA&quot;,&quot;video_type&quot;:&quot;youtube&quot;,&quot;controls&quot;:&quot;yes&quot;}\" data-widget_type=\"video.default\">\n\t\t\t\t<div class=\"elementor-widget-container\">\n\t\t\t\t\t<div class=\"elementor-wrapper elementor-open-inline\">\n\t\t\t<div class=\"elementor-video\"><\/div>\t\t\t\t<div class=\"elementor-custom-embed-image-overlay\" style=\"background-image: url(https:\/\/activh2o.net\/wp-content\/uploads\/2019\/01\/SLIDE-HOME.jpg);\">\n\t\t\t\t\t\t\t\t\t\t\t\t\t\t\t\t<div class=\"elementor-custom-embed-play\" role=\"button\" aria-label=\"Lire la vid\u00e9o\" tabindex=\"0\">\n\t\t\t\t\t\t\t<i aria-hidden=\"true\" class=\"eicon-play\"><\/i>\t\t\t\t\t\t\t<span class=\"elementor-screen-only\">Lire la vid\u00e9o<\/span>\n\t\t\t\t\t\t<\/div>\n\t\t\t\t\t\t\t\t\t<\/div>\n\t\t\t\t\t<\/div>\n\t\t\t\t<\/div>\n\t\t\t\t<\/div>\n\t\t\t\t\t\t<\/div>\n\t\t\t\t\t<\/div>\n\t\t<\/div>\n\t\t\t\t\t\t\t\t<\/div>\n\t\t\t\t\t<\/div>\n\t\t<\/section>\n\t\t\t\t<section class=\"elementor-section elementor-top-section elementor-element elementor-element-7a6b76b elementor-section-boxed elementor-section-height-default elementor-section-height-default\" data-id=\"7a6b76b\" data-element_type=\"section\" data-settings=\"{&quot;background_background&quot;:&quot;classic&quot;}\">\n\t\t\t\t\t\t<div class=\"elementor-container elementor-column-gap-default\">\n\t\t\t\t\t\t\t<div class=\"elementor-row\">\n\t\t\t\t\t<div class=\"elementor-column elementor-col-100 elementor-top-column elementor-element elementor-element-28d5b35f\" data-id=\"28d5b35f\" data-element_type=\"column\">\n\t\t\t<div class=\"elementor-column-wrap elementor-element-populated\">\n\t\t\t\t\t\t\t<div class=\"elementor-widget-wrap\">\n\t\t\t\t\t\t<div class=\"elementor-element elementor-element-f99defc elementor-widget elementor-widget-text-editor\" data-id=\"f99defc\" data-element_type=\"widget\" data-widget_type=\"text-editor.default\">\n\t\t\t\t<div class=\"elementor-widget-container\">\n\t\t\t\t\t\t\t\t<div class=\"elementor-text-editor elementor-clearfix\">\n\t\t\t\t<p>Bas\u00e9s \u00e0 Madrid, nous fournissons des solutions \u00e0 des clients dans plus de 20 pays et poursuivons avec l&rsquo;ambition d&rsquo;\u00eatre une r\u00e9f\u00e9rence dans le secteur et d&rsquo;offrir une large gamme de solutions technologiques permettant de purifier l&rsquo;eau sans utiliser de produits chimiques.<\/p>\t\t\t\t\t<\/div>\n\t\t\t\t\t\t<\/div>\n\t\t\t\t<\/div>\n\t\t\t\t<div class=\"elementor-element elementor-element-42b25d6c elementor-view-default elementor-widget elementor-widget-icon\" data-id=\"42b25d6c\" data-element_type=\"widget\" data-widget_type=\"icon.default\">\n\t\t\t\t<div class=\"elementor-widget-container\">\n\t\t\t\t\t<div class=\"elementor-icon-wrapper\">\n\t\t\t<div class=\"elementor-icon\">\n\t\t\t\t\t\t\t<i class=\"fa fa-check-circle\" aria-hidden=\"true\"><\/i>\n\t\t\t\t\t\t<\/div>\n\t\t<\/div>\n\t\t\t\t<\/div>\n\t\t\t\t<\/div>\n\t\t\t\t\t\t<\/div>\n\t\t\t\t\t<\/div>\n\t\t<\/div>\n\t\t\t\t\t\t\t\t<\/div>\n\t\t\t\t\t<\/div>\n\t\t<\/section>\n\t\t\t\t<section class=\"elementor-section elementor-top-section elementor-element elementor-element-6b5a88ce elementor-section-content-middle elementor-section-boxed elementor-section-height-default elementor-section-height-default\" data-id=\"6b5a88ce\" data-element_type=\"section\">\n\t\t\t\t\t\t<div class=\"elementor-container elementor-column-gap-default\">\n\t\t\t\t\t\t\t<div class=\"elementor-row\">\n\t\t\t\t\t<div class=\"elementor-column elementor-col-50 elementor-top-column elementor-element elementor-element-59198af5\" data-id=\"59198af5\" data-element_type=\"column\">\n\t\t\t<div class=\"elementor-column-wrap elementor-element-populated\">\n\t\t\t\t\t\t\t<div class=\"elementor-widget-wrap\">\n\t\t\t\t\t\t<div class=\"elementor-element elementor-element-330140f3 elementor-widget elementor-widget-heading\" data-id=\"330140f3\" data-element_type=\"widget\" data-widget_type=\"heading.default\">\n\t\t\t\t<div class=\"elementor-widget-container\">\n\t\t\t<h3 class=\"elementor-heading-title elementor-size-large\">Mission<\/h3>\t\t<\/div>\n\t\t\t\t<\/div>\n\t\t\t\t<div class=\"elementor-element elementor-element-1e26082e elementor-widget elementor-widget-text-editor\" data-id=\"1e26082e\" data-element_type=\"widget\" data-widget_type=\"text-editor.default\">\n\t\t\t\t<div class=\"elementor-widget-container\">\n\t\t\t\t\t\t\t\t<div class=\"elementor-text-editor elementor-clearfix\">\n\t\t\t\t<p>Permettre \u00e0 chacun d\u2019avoir acc\u00e8s \u00e0 une eau de qualit\u00e9 en proposant des solutions sur mesure pour chaque client et chaque probl\u00e8me.<\/p>\t\t\t\t\t<\/div>\n\t\t\t\t\t\t<\/div>\n\t\t\t\t<\/div>\n\t\t\t\t\t\t<\/div>\n\t\t\t\t\t<\/div>\n\t\t<\/div>\n\t\t\t\t<div class=\"elementor-column elementor-col-50 elementor-top-column elementor-element elementor-element-30241efa\" data-id=\"30241efa\" data-element_type=\"column\">\n\t\t\t<div class=\"elementor-column-wrap elementor-element-populated\">\n\t\t\t\t\t\t\t<div class=\"elementor-widget-wrap\">\n\t\t\t\t\t\t<div class=\"elementor-element elementor-element-7aaa6195 elementor-widget elementor-widget-image\" data-id=\"7aaa6195\" data-element_type=\"widget\" data-widget_type=\"image.default\">\n\t\t\t\t<div class=\"elementor-widget-container\">\n\t\t\t\t\t\t\t\t<div class=\"elementor-image\">\n\t\t\t\t\t\t\t\t\t\t\t\t<img decoding=\"async\" loading=\"lazy\" width=\"640\" height=\"429\" src=\"https:\/\/activh2o.net\/wp-content\/uploads\/2019\/01\/IMG_1005.jpg\" class=\"attachment-full size-full wp-image-731\" alt=\"\" srcset=\"https:\/\/activh2o.net\/wp-content\/uploads\/2019\/01\/IMG_1005.jpg 640w, https:\/\/activh2o.net\/wp-content\/uploads\/2019\/01\/IMG_1005-600x402.jpg 600w, https:\/\/activh2o.net\/wp-content\/uploads\/2019\/01\/IMG_1005-300x201.jpg 300w\" sizes=\"(max-width: 640px) 100vw, 640px\" \/>\t\t\t\t\t\t\t\t\t\t\t\t\t\t<\/div>\n\t\t\t\t\t\t<\/div>\n\t\t\t\t<\/div>\n\t\t\t\t\t\t<\/div>\n\t\t\t\t\t<\/div>\n\t\t<\/div>\n\t\t\t\t\t\t\t\t<\/div>\n\t\t\t\t\t<\/div>\n\t\t<\/section>\n\t\t\t\t<section class=\"elementor-section elementor-top-section elementor-element elementor-element-69824072 elementor-section-content-middle elementor-reverse-mobile elementor-section-boxed elementor-section-height-default elementor-section-height-default\" data-id=\"69824072\" data-element_type=\"section\">\n\t\t\t\t\t\t<div class=\"elementor-container elementor-column-gap-default\">\n\t\t\t\t\t\t\t<div class=\"elementor-row\">\n\t\t\t\t\t<div class=\"elementor-column elementor-col-50 elementor-top-column elementor-element elementor-element-4b5053f7\" data-id=\"4b5053f7\" data-element_type=\"column\">\n\t\t\t<div class=\"elementor-column-wrap elementor-element-populated\">\n\t\t\t\t\t\t\t<div class=\"elementor-widget-wrap\">\n\t\t\t\t\t\t<div class=\"elementor-element elementor-element-4cf15073 elementor-widget elementor-widget-image\" data-id=\"4cf15073\" data-element_type=\"widget\" data-widget_type=\"image.default\">\n\t\t\t\t<div class=\"elementor-widget-container\">\n\t\t\t\t\t\t\t\t<div class=\"elementor-image\">\n\t\t\t\t\t\t\t\t\t\t\t\t<img decoding=\"async\" loading=\"lazy\" width=\"800\" height=\"533\" src=\"https:\/\/activh2o.net\/wp-content\/uploads\/2019\/01\/shutterstock_167955059.jpg\" class=\"attachment-full size-full wp-image-368\" alt=\"\" srcset=\"https:\/\/activh2o.net\/wp-content\/uploads\/2019\/01\/shutterstock_167955059.jpg 800w, https:\/\/activh2o.net\/wp-content\/uploads\/2019\/01\/shutterstock_167955059-600x400.jpg 600w, https:\/\/activh2o.net\/wp-content\/uploads\/2019\/01\/shutterstock_167955059-300x200.jpg 300w, https:\/\/activh2o.net\/wp-content\/uploads\/2019\/01\/shutterstock_167955059-768x512.jpg 768w\" sizes=\"(max-width: 800px) 100vw, 800px\" \/>\t\t\t\t\t\t\t\t\t\t\t\t\t\t<\/div>\n\t\t\t\t\t\t<\/div>\n\t\t\t\t<\/div>\n\t\t\t\t\t\t<\/div>\n\t\t\t\t\t<\/div>\n\t\t<\/div>\n\t\t\t\t<div class=\"elementor-column elementor-col-50 elementor-top-column elementor-element elementor-element-55b9d364\" data-id=\"55b9d364\" data-element_type=\"column\">\n\t\t\t<div class=\"elementor-column-wrap elementor-element-populated\">\n\t\t\t\t\t\t\t<div class=\"elementor-widget-wrap\">\n\t\t\t\t\t\t<div class=\"elementor-element elementor-element-4153a275 elementor-widget elementor-widget-heading\" data-id=\"4153a275\" data-element_type=\"widget\" data-widget_type=\"heading.default\">\n\t\t\t\t<div class=\"elementor-widget-container\">\n\t\t\t<h3 class=\"elementor-heading-title elementor-size-large\">Vision<\/h3>\t\t<\/div>\n\t\t\t\t<\/div>\n\t\t\t\t<div class=\"elementor-element elementor-element-7bae20ea elementor-widget elementor-widget-text-editor\" data-id=\"7bae20ea\" data-element_type=\"widget\" data-widget_type=\"text-editor.default\">\n\t\t\t\t<div class=\"elementor-widget-container\">\n\t\t\t\t\t\t\t\t<div class=\"elementor-text-editor elementor-clearfix\">\n\t\t\t\t<p>\u00catre la r\u00e9f\u00e9rence du march\u00e9 en rendant possible, sans l&rsquo;utilisation de produits chimiques, une eau pure et s\u00fbre pour tous.<\/p>\t\t\t\t\t<\/div>\n\t\t\t\t\t\t<\/div>\n\t\t\t\t<\/div>\n\t\t\t\t\t\t<\/div>\n\t\t\t\t\t<\/div>\n\t\t<\/div>\n\t\t\t\t\t\t\t\t<\/div>\n\t\t\t\t\t<\/div>\n\t\t<\/section>\n\t\t\t\t<section class=\"elementor-section elementor-top-section elementor-element elementor-element-3e4f611d elementor-section-content-middle elementor-section-boxed elementor-section-height-default elementor-section-height-default\" data-id=\"3e4f611d\" data-element_type=\"section\" data-settings=\"{&quot;background_background&quot;:&quot;classic&quot;}\">\n\t\t\t\t\t\t<div class=\"elementor-container elementor-column-gap-default\">\n\t\t\t\t\t\t\t<div class=\"elementor-row\">\n\t\t\t\t\t<div class=\"elementor-column elementor-col-50 elementor-top-column elementor-element elementor-element-536a6d07\" data-id=\"536a6d07\" data-element_type=\"column\">\n\t\t\t<div class=\"elementor-column-wrap elementor-element-populated\">\n\t\t\t\t\t\t\t<div class=\"elementor-widget-wrap\">\n\t\t\t\t\t\t<div class=\"elementor-element elementor-element-7781b001 elementor-widget elementor-widget-heading\" data-id=\"7781b001\" data-element_type=\"widget\" data-widget_type=\"heading.default\">\n\t\t\t\t<div class=\"elementor-widget-container\">\n\t\t\t<h3 class=\"elementor-heading-title elementor-size-large\">Nos Piliers<\/h3>\t\t<\/div>\n\t\t\t\t<\/div>\n\t\t\t\t<div class=\"elementor-element elementor-element-3cb358d7 elementor-widget elementor-widget-text-editor\" data-id=\"3cb358d7\" data-element_type=\"widget\" data-widget_type=\"text-editor.default\">\n\t\t\t\t<div class=\"elementor-widget-container\">\n\t\t\t\t\t\t\t\t<div class=\"elementor-text-editor elementor-clearfix\">\n\t\t\t\t<p>La technologie.<\/p><p>Enqu\u00eate.<\/p><p>Les gens.<\/p>\t\t\t\t\t<\/div>\n\t\t\t\t\t\t<\/div>\n\t\t\t\t<\/div>\n\t\t\t\t\t\t<\/div>\n\t\t\t\t\t<\/div>\n\t\t<\/div>\n\t\t\t\t<div class=\"elementor-column elementor-col-50 elementor-top-column elementor-element elementor-element-2508dfeb\" data-id=\"2508dfeb\" data-element_type=\"column\">\n\t\t\t<div class=\"elementor-column-wrap elementor-element-populated\">\n\t\t\t\t\t\t\t<div class=\"elementor-widget-wrap\">\n\t\t\t\t\t\t<div class=\"elementor-element elementor-element-4c1f3904 elementor-widget elementor-widget-image\" data-id=\"4c1f3904\" data-element_type=\"widget\" data-widget_type=\"image.default\">\n\t\t\t\t<div class=\"elementor-widget-container\">\n\t\t\t\t\t\t\t\t<div class=\"elementor-image\">\n\t\t\t\t\t\t\t\t\t\t\t\t<img decoding=\"async\" loading=\"lazy\" width=\"542\" height=\"334\" src=\"https:\/\/activh2o.net\/wp-content\/uploads\/2019\/01\/IMG_1006-e1548183071944.jpg\" class=\"attachment-full size-full wp-image-730\" alt=\"\" srcset=\"https:\/\/activh2o.net\/wp-content\/uploads\/2019\/01\/IMG_1006-e1548183071944.jpg 542w, https:\/\/activh2o.net\/wp-content\/uploads\/2019\/01\/IMG_1006-e1548183071944-300x185.jpg 300w\" sizes=\"(max-width: 542px) 100vw, 542px\" \/>\t\t\t\t\t\t\t\t\t\t\t\t\t\t<\/div>\n\t\t\t\t\t\t<\/div>\n\t\t\t\t<\/div>\n\t\t\t\t\t\t<\/div>\n\t\t\t\t\t<\/div>\n\t\t<\/div>\n\t\t\t\t\t\t\t\t<\/div>\n\t\t\t\t\t<\/div>\n\t\t<\/section>\n\t\t\t\t\t\t\t\t\t<\/div>\n\t\t\t<\/div>\n\t\t\t\t\t<\/div>\n\t\t","protected":false},"excerpt":{"rendered":"<p>Qui sommes nous Nous sommes une entreprise engag\u00e9e dans le probl\u00e8me de l&rsquo;eau et, gr\u00e2ce \u00e0 notre technologie ActivH2O, d\u00e9velopp\u00e9e et brevet\u00e9e en collaboration avec le Centre national de la recherche scientifique de France (CNRS) et l&rsquo;Universit\u00e9 de Montpellier, nous travaillons pour permettre \u00e0 chacun d&rsquo;acc\u00e9der \u00e0 une eau de qualit\u00e9. https:\/\/www.youtube.com\/watch?v=x3d1Y22pfcA Bas\u00e9s \u00e0 Madrid, [&hellip;]<\/p>\n","protected":false},"author":1,"featured_media":0,"parent":0,"menu_order":0,"comment_status":"closed","ping_status":"closed","template":"elementor_header_footer","meta":{"footnotes":""},"yoast_head":"<!-- This site is optimized with the Yoast SEO plugin v20.2.1 - https:\/\/yoast.com\/wordpress\/plugins\/seo\/ -->\n<title>\u00c0 propos de nous - ActivH2O<\/title>\n<meta name=\"robots\" content=\"index, follow, max-snippet:-1, max-image-preview:large, max-video-preview:-1\" \/>\n<link rel=\"canonical\" href=\"https:\/\/activh2o.net\/fr\/a-propos-de-nous\/\" \/>\n<meta property=\"og:locale\" content=\"fr_FR\" \/>\n<meta property=\"og:type\" content=\"article\" \/>\n<meta property=\"og:title\" content=\"\u00c0 propos de nous - ActivH2O\" \/>\n<meta property=\"og:description\" content=\"Qui sommes nous Nous sommes une entreprise engag\u00e9e dans le probl\u00e8me de l&rsquo;eau et, gr\u00e2ce \u00e0 notre technologie ActivH2O, d\u00e9velopp\u00e9e et brevet\u00e9e en collaboration avec le Centre national de la recherche scientifique de France (CNRS) et l&rsquo;Universit\u00e9 de Montpellier, nous travaillons pour permettre \u00e0 chacun d&rsquo;acc\u00e9der \u00e0 une eau de qualit\u00e9. https:\/\/www.youtube.com\/watch?v=x3d1Y22pfcA Bas\u00e9s \u00e0 Madrid, [&hellip;]\" \/>\n<meta property=\"og:url\" content=\"https:\/\/activh2o.net\/fr\/a-propos-de-nous\/\" \/>\n<meta property=\"og:site_name\" content=\"ActivH2O\" \/>\n<meta property=\"article:modified_time\" content=\"2019-12-18T15:49:08+00:00\" \/>\n<meta property=\"og:image\" content=\"https:\/\/activh2o.net\/wp-content\/uploads\/2019\/01\/IMG_1005.jpg\" \/>\n<meta name=\"twitter:card\" content=\"summary_large_image\" \/>\n<meta name=\"twitter:label1\" content=\"Dur\u00e9e de lecture estim\u00e9e\" \/>\n\t<meta name=\"twitter:data1\" content=\"1 minute\" \/>\n<script type=\"application\/ld+json\" class=\"yoast-schema-graph\">{\"@context\":\"https:\/\/schema.org\",\"@graph\":[{\"@type\":\"WebPage\",\"@id\":\"https:\/\/activh2o.net\/fr\/a-propos-de-nous\/\",\"url\":\"https:\/\/activh2o.net\/fr\/a-propos-de-nous\/\",\"name\":\"\u00c0 propos de nous - ActivH2O\",\"isPartOf\":{\"@id\":\"https:\/\/activh2o.net\/#website\"},\"datePublished\":\"2018-12-30T17:30:20+00:00\",\"dateModified\":\"2019-12-18T15:49:08+00:00\",\"breadcrumb\":{\"@id\":\"https:\/\/activh2o.net\/fr\/a-propos-de-nous\/#breadcrumb\"},\"inLanguage\":\"fr-FR\",\"potentialAction\":[{\"@type\":\"ReadAction\",\"target\":[\"https:\/\/activh2o.net\/fr\/a-propos-de-nous\/\"]}]},{\"@type\":\"BreadcrumbList\",\"@id\":\"https:\/\/activh2o.net\/fr\/a-propos-de-nous\/#breadcrumb\",\"itemListElement\":[{\"@type\":\"ListItem\",\"position\":1,\"name\":\"Portada\",\"item\":\"https:\/\/activh2o.net\/fr\/\"},{\"@type\":\"ListItem\",\"position\":2,\"name\":\"\u00c0 propos de nous\"}]},{\"@type\":\"WebSite\",\"@id\":\"https:\/\/activh2o.net\/#website\",\"url\":\"https:\/\/activh2o.net\/\",\"name\":\"ActivH2O\",\"description\":\"Calidad de vida en cada gota\",\"publisher\":{\"@id\":\"https:\/\/activh2o.net\/#organization\"},\"potentialAction\":[{\"@type\":\"SearchAction\",\"target\":{\"@type\":\"EntryPoint\",\"urlTemplate\":\"https:\/\/activh2o.net\/?s={search_term_string}\"},\"query-input\":\"required name=search_term_string\"}],\"inLanguage\":\"fr-FR\"},{\"@type\":\"Organization\",\"@id\":\"https:\/\/activh2o.net\/#organization\",\"name\":\"ActivH2O\",\"url\":\"https:\/\/activh2o.net\/\",\"logo\":{\"@type\":\"ImageObject\",\"inLanguage\":\"fr-FR\",\"@id\":\"https:\/\/activh2o.net\/#\/schema\/logo\/image\/\",\"url\":\"https:\/\/activh2o.net\/wp-content\/uploads\/2018\/12\/ActivH2O_Logo_sin-fondo-e1545592574762.png\",\"contentUrl\":\"https:\/\/activh2o.net\/wp-content\/uploads\/2018\/12\/ActivH2O_Logo_sin-fondo-e1545592574762.png\",\"width\":800,\"height\":295,\"caption\":\"ActivH2O\"},\"image\":{\"@id\":\"https:\/\/activh2o.net\/#\/schema\/logo\/image\/\"}}]}<\/script>\n<!-- \/ Yoast SEO plugin. -->","yoast_head_json":{"title":"\u00c0 propos de nous - ActivH2O","robots":{"index":"index","follow":"follow","max-snippet":"max-snippet:-1","max-image-preview":"max-image-preview:large","max-video-preview":"max-video-preview:-1"},"canonical":"https:\/\/activh2o.net\/fr\/a-propos-de-nous\/","og_locale":"fr_FR","og_type":"article","og_title":"\u00c0 propos de nous - ActivH2O","og_description":"Qui sommes nous Nous sommes une entreprise engag\u00e9e dans le probl\u00e8me de l&rsquo;eau et, gr\u00e2ce \u00e0 notre technologie ActivH2O, d\u00e9velopp\u00e9e et brevet\u00e9e en collaboration avec le Centre national de la recherche scientifique de France (CNRS) et l&rsquo;Universit\u00e9 de Montpellier, nous travaillons pour permettre \u00e0 chacun d&rsquo;acc\u00e9der \u00e0 une eau de qualit\u00e9. https:\/\/www.youtube.com\/watch?v=x3d1Y22pfcA Bas\u00e9s \u00e0 Madrid, [&hellip;]","og_url":"https:\/\/activh2o.net\/fr\/a-propos-de-nous\/","og_site_name":"ActivH2O","article_modified_time":"2019-12-18T15:49:08+00:00","og_image":[{"url":"https:\/\/activh2o.net\/wp-content\/uploads\/2019\/01\/IMG_1005.jpg"}],"twitter_card":"summary_large_image","twitter_misc":{"Dur\u00e9e de lecture estim\u00e9e":"1 minute"},"schema":{"@context":"https:\/\/schema.org","@graph":[{"@type":"WebPage","@id":"https:\/\/activh2o.net\/fr\/a-propos-de-nous\/","url":"https:\/\/activh2o.net\/fr\/a-propos-de-nous\/","name":"\u00c0 propos de nous - ActivH2O","isPartOf":{"@id":"https:\/\/activh2o.net\/#website"},"datePublished":"2018-12-30T17:30:20+00:00","dateModified":"2019-12-18T15:49:08+00:00","breadcrumb":{"@id":"https:\/\/activh2o.net\/fr\/a-propos-de-nous\/#breadcrumb"},"inLanguage":"fr-FR","potentialAction":[{"@type":"ReadAction","target":["https:\/\/activh2o.net\/fr\/a-propos-de-nous\/"]}]},{"@type":"BreadcrumbList","@id":"https:\/\/activh2o.net\/fr\/a-propos-de-nous\/#breadcrumb","itemListElement":[{"@type":"ListItem","position":1,"name":"Portada","item":"https:\/\/activh2o.net\/fr\/"},{"@type":"ListItem","position":2,"name":"\u00c0 propos de nous"}]},{"@type":"WebSite","@id":"https:\/\/activh2o.net\/#website","url":"https:\/\/activh2o.net\/","name":"ActivH2O","description":"Calidad de vida en cada gota","publisher":{"@id":"https:\/\/activh2o.net\/#organization"},"potentialAction":[{"@type":"SearchAction","target":{"@type":"EntryPoint","urlTemplate":"https:\/\/activh2o.net\/?s={search_term_string}"},"query-input":"required name=search_term_string"}],"inLanguage":"fr-FR"},{"@type":"Organization","@id":"https:\/\/activh2o.net\/#organization","name":"ActivH2O","url":"https:\/\/activh2o.net\/","logo":{"@type":"ImageObject","inLanguage":"fr-FR","@id":"https:\/\/activh2o.net\/#\/schema\/logo\/image\/","url":"https:\/\/activh2o.net\/wp-content\/uploads\/2018\/12\/ActivH2O_Logo_sin-fondo-e1545592574762.png","contentUrl":"https:\/\/activh2o.net\/wp-content\/uploads\/2018\/12\/ActivH2O_Logo_sin-fondo-e1545592574762.png","width":800,"height":295,"caption":"ActivH2O"},"image":{"@id":"https:\/\/activh2o.net\/#\/schema\/logo\/image\/"}}]}},"_links":{"self":[{"href":"https:\/\/activh2o.net\/fr\/wp-json\/wp\/v2\/pages\/1231"}],"collection":[{"href":"https:\/\/activh2o.net\/fr\/wp-json\/wp\/v2\/pages"}],"about":[{"href":"https:\/\/activh2o.net\/fr\/wp-json\/wp\/v2\/types\/page"}],"author":[{"embeddable":true,"href":"https:\/\/activh2o.net\/fr\/wp-json\/wp\/v2\/users\/1"}],"replies":[{"embeddable":true,"href":"https:\/\/activh2o.net\/fr\/wp-json\/wp\/v2\/comments?post=1231"}],"version-history":[{"count":4,"href":"https:\/\/activh2o.net\/fr\/wp-json\/wp\/v2\/pages\/1231\/revisions"}],"predecessor-version":[{"id":1732,"href":"https:\/\/activh2o.net\/fr\/wp-json\/wp\/v2\/pages\/1231\/revisions\/1732"}],"wp:attachment":[{"href":"https:\/\/activh2o.net\/fr\/wp-json\/wp\/v2\/media?parent=1231"}],"curies":[{"name":"wp","href":"https:\/\/api.w.org\/{rel}","templated":true}]}}